{"id":859,"date":"2022-02-04T14:09:54","date_gmt":"2022-02-04T14:09:54","guid":{"rendered":"https:\/\/africaitinnovation.com\/?page_id=859"},"modified":"2022-05-18T14:49:14","modified_gmt":"2022-05-18T14:49:14","slug":"migration","status":"publish","type":"page","link":"https:\/\/africaitinnovation.com\/en\/our-services\/migration\/","title":{"rendered":"Migration"},"content":{"rendered":"<p><div class=\"fusion-fullwidth fullwidth-box fusion-builder-row-1 fusion-flex-container nonhundred-percent-fullwidth non-hundred-percent-height-scrolling fusion-custom-z-index\" style=\"--awb-border-radius-top-left:0px;--awb-border-radius-top-right:0px;--awb-border-radius-bottom-right:0px;--awb-border-radius-bottom-left:0px;--awb-z-index:9;--awb-padding-right:5vw;--awb-padding-left:5vw;--awb-margin-top:50px;--awb-margin-bottom:50px;\" ><div class=\"fusion-builder-row fusion-row fusion-flex-align-items-flex-start\" style=\"max-width:1513.2px;margin-left: calc(-4% \/ 2 );margin-right: calc(-4% \/ 2 );\"><div class=\"fusion-layout-column fusion_builder_column fusion-builder-column-0 fusion_builder_column_1_1 1_1 fusion-flex-column\" style=\"--awb-bg-size:cover;--awb-width-large:100%;--awb-margin-top-large:0px;--awb-spacing-right-large:1.92%;--awb-margin-bottom-large:20px;--awb-spacing-left-large:1.92%;--awb-width-medium:100%;--awb-order-medium:0;--awb-spacing-right-medium:1.92%;--awb-spacing-left-medium:1.92%;--awb-width-small:100%;--awb-order-small:0;--awb-spacing-right-small:1.92%;--awb-spacing-left-small:1.92%;\"><div class=\"fusion-column-wrapper fusion-column-has-shadow fusion-flex-justify-content-flex-start fusion-content-layout-column\"><div class=\"fusion-separator fusion-full-width-sep\" style=\"align-self: center;margin-left: auto;margin-right: auto;width:100%;\"><div class=\"fusion-separator-border sep-single sep-solid\" style=\"--awb-height:20px;--awb-amount:20px;--awb-sep-color:#9b5d00;border-color:#9b5d00;border-top-width:2px;\"><\/div><\/div><\/div><\/div><\/div><\/div><div class=\"fusion-fullwidth fullwidth-box fusion-builder-row-2 fusion-flex-container nonhundred-percent-fullwidth non-hundred-percent-height-scrolling\" style=\"--awb-border-radius-top-left:0px;--awb-border-radius-top-right:0px;--awb-border-radius-bottom-right:0px;--awb-border-radius-bottom-left:0px;--awb-padding-right:5vw;--awb-padding-left:5vw;\" ><div class=\"fusion-builder-row fusion-row fusion-flex-align-items-flex-start\" style=\"max-width:1513.2px;margin-left: calc(-4% \/ 2 );margin-right: calc(-4% \/ 2 );\"><div class=\"fusion-layout-column fusion_builder_column fusion-builder-column-1 fusion-flex-column\" style=\"--awb-bg-size:cover;--awb-width-large:40%;--awb-margin-top-large:0px;--awb-spacing-right-large:4.8%;--awb-margin-bottom-large:20px;--awb-spacing-left-large:4.8%;--awb-width-medium:40%;--awb-order-medium:0;--awb-spacing-right-medium:4.8%;--awb-spacing-left-medium:4.8%;--awb-width-small:100%;--awb-order-small:0;--awb-spacing-right-small:1.92%;--awb-spacing-left-small:1.92%;\"><div class=\"fusion-column-wrapper fusion-column-has-shadow fusion-flex-justify-content-flex-start fusion-content-layout-column\"><div class=\"fusion-image-element \" style=\"text-align:right;--awb-caption-title-size:var(--h2_typography-font-size);--awb-caption-title-transform:var(--h2_typography-text-transform);--awb-caption-title-line-height:var(--h2_typography-line-height);--awb-caption-title-letter-spacing:var(--h2_typography-letter-spacing);\"><span class=\" fusion-imageframe imageframe-none imageframe-1 hover-type-none\"><img decoding=\"async\" width=\"684\" height=\"631\" title=\"Bannie\u0301re-02\" src=\"https:\/\/africaitinnovation.com\/wp-content\/uploads\/2022\/02\/Bannie\u0301re-02-1.png\" data-orig-src=\"http:\/\/africaitinnovation.com\/wp-content\/uploads\/2022\/02\/Bannie\u0301re-02-1.png\" alt class=\"lazyload img-responsive wp-image-703\" srcset=\"data:image\/svg+xml,%3Csvg%20xmlns%3D%27http%3A%2F%2Fwww.w3.org%2F2000%2Fsvg%27%20width%3D%27684%27%20height%3D%27631%27%20viewBox%3D%270%200%20684%20631%27%3E%3Crect%20width%3D%27684%27%20height%3D%27631%27%20fill-opacity%3D%220%22%2F%3E%3C%2Fsvg%3E\" data-srcset=\"https:\/\/africaitinnovation.com\/wp-content\/uploads\/2022\/02\/Bannie\u0301re-02-1-200x185.png 200w, https:\/\/africaitinnovation.com\/wp-content\/uploads\/2022\/02\/Bannie\u0301re-02-1-400x369.png 400w, https:\/\/africaitinnovation.com\/wp-content\/uploads\/2022\/02\/Bannie\u0301re-02-1-600x554.png 600w, https:\/\/africaitinnovation.com\/wp-content\/uploads\/2022\/02\/Bannie\u0301re-02-1.png 684w\" data-sizes=\"auto\" data-orig-sizes=\"(max-width: 640px) 100vw, 600px\" \/><\/span><\/div><\/div><\/div><div class=\"fusion-layout-column fusion_builder_column fusion-builder-column-2 fusion-flex-column fusion-flex-align-self-center\" style=\"--awb-bg-size:cover;--awb-width-large:60%;--awb-margin-top-large:0px;--awb-spacing-right-large:3.2%;--awb-margin-bottom-large:20px;--awb-spacing-left-large:3.2%;--awb-width-medium:60%;--awb-order-medium:0;--awb-spacing-right-medium:3.2%;--awb-spacing-left-medium:3.2%;--awb-width-small:100%;--awb-order-small:0;--awb-spacing-right-small:1.92%;--awb-spacing-left-small:1.92%;\"><div class=\"fusion-column-wrapper fusion-column-has-shadow fusion-flex-justify-content-flex-start fusion-content-layout-column\"><div class=\"fusion-title title fusion-title-1 fusion-sep-none fusion-title-text fusion-title-size-one\" style=\"--awb-text-color:#9b5d00;--awb-font-size:50px;\"><h1 class=\"title-heading-left\" style=\"font-family:&quot;Poppins&quot;;font-style:normal;font-weight:600;margin:0;font-size:1em;\">Migration<\/h1><\/div><div class=\"fusion-text fusion-text-1\" style=\"--awb-font-size:16px;--awb-line-height:30px;--awb-text-color:#666666;--awb-text-font-family:&quot;Poppins&quot;;--awb-text-font-style:normal;--awb-text-font-weight:300;\"><p style=\"text-align: justify;\">La migration de donn\u00e9es est un processus qui consiste \u00e0 transf\u00e9rer des donn\u00e9es d\u2019un serveur \u00e0 un autre. Ce transfert de donn\u00e9es implique un changement de stockage ainsi que de base de donn\u00e9es ou d\u2019application. Le processus est souvent compliqu\u00e9 et sa r\u00e9alisation peut prendre beaucoup de temps. Il n\u00e9cessite \u00e9galement un budget important surtout pour les entreprises selon la volum\u00e9trie.<br \/>\nC\u2019est pourquoi la migration de donn\u00e9es doit \u00eatre faite de mani\u00e8re anticip\u00e9e<\/p>\n<\/div><\/div><\/div><\/div><\/div><div class=\"fusion-fullwidth fullwidth-box fusion-builder-row-3 fusion-flex-container nonhundred-percent-fullwidth non-hundred-percent-height-scrolling\" style=\"--awb-border-radius-top-left:0px;--awb-border-radius-top-right:0px;--awb-border-radius-bottom-right:0px;--awb-border-radius-bottom-left:0px;--awb-padding-right:5vw;--awb-padding-left:5vw;--awb-margin-top:3vw;\" ><div class=\"fusion-builder-row fusion-row fusion-flex-align-items-flex-start\" style=\"max-width:1513.2px;margin-left: calc(-4% \/ 2 );margin-right: calc(-4% \/ 2 );\"><div class=\"fusion-layout-column fusion_builder_column fusion-builder-column-3 fusion_builder_column_1_1 1_1 fusion-flex-column\" style=\"--awb-bg-size:cover;--awb-width-large:100%;--awb-margin-top-large:0px;--awb-spacing-right-large:1.92%;--awb-margin-bottom-large:20px;--awb-spacing-left-large:1.92%;--awb-width-medium:100%;--awb-order-medium:0;--awb-spacing-right-medium:1.92%;--awb-spacing-left-medium:1.92%;--awb-width-small:100%;--awb-order-small:0;--awb-spacing-right-small:1.92%;--awb-spacing-left-small:1.92%;\"><div class=\"fusion-column-wrapper fusion-column-has-shadow fusion-flex-justify-content-flex-start fusion-content-layout-column\"><div class=\"fusion-image-element \" style=\"text-align:center;--awb-caption-title-size:var(--h2_typography-font-size);--awb-caption-title-transform:var(--h2_typography-text-transform);--awb-caption-title-line-height:var(--h2_typography-line-height);--awb-caption-title-letter-spacing:var(--h2_typography-letter-spacing);\"><span class=\" fusion-imageframe imageframe-none imageframe-2 hover-type-none\"><img decoding=\"async\" width=\"1516\" height=\"252\" title=\"Bannie\u0301re-03\" src=\"https:\/\/africaitinnovation.com\/wp-content\/uploads\/2022\/02\/Bannie\u0301re-03-1.png\" data-orig-src=\"http:\/\/africaitinnovation.com\/wp-content\/uploads\/2022\/02\/Bannie\u0301re-03-1.png\" alt class=\"lazyload img-responsive wp-image-704\" srcset=\"data:image\/svg+xml,%3Csvg%20xmlns%3D%27http%3A%2F%2Fwww.w3.org%2F2000%2Fsvg%27%20width%3D%271516%27%20height%3D%27252%27%20viewBox%3D%270%200%201516%20252%27%3E%3Crect%20width%3D%271516%27%20height%3D%27252%27%20fill-opacity%3D%220%22%2F%3E%3C%2Fsvg%3E\" data-srcset=\"https:\/\/africaitinnovation.com\/wp-content\/uploads\/2022\/02\/Bannie\u0301re-03-1-200x33.png 200w, https:\/\/africaitinnovation.com\/wp-content\/uploads\/2022\/02\/Bannie\u0301re-03-1-400x66.png 400w, https:\/\/africaitinnovation.com\/wp-content\/uploads\/2022\/02\/Bannie\u0301re-03-1-600x100.png 600w, https:\/\/africaitinnovation.com\/wp-content\/uploads\/2022\/02\/Bannie\u0301re-03-1-800x133.png 800w, https:\/\/africaitinnovation.com\/wp-content\/uploads\/2022\/02\/Bannie\u0301re-03-1-1200x199.png 1200w, https:\/\/africaitinnovation.com\/wp-content\/uploads\/2022\/02\/Bannie\u0301re-03-1.png 1516w\" data-sizes=\"auto\" data-orig-sizes=\"(max-width: 640px) 100vw, 1516px\" \/><\/span><\/div><\/div><\/div><\/div><\/div><\/p>\n","protected":false},"excerpt":{"rendered":"","protected":false},"author":1,"featured_media":0,"parent":821,"menu_order":0,"comment_status":"closed","ping_status":"closed","template":"","meta":{"footnotes":""},"class_list":["post-859","page","type-page","status-publish","hentry"],"yoast_head":"<!-- This site is optimized with the Yoast SEO plugin v20.1 - https:\/\/yoast.com\/wordpress\/plugins\/seo\/ -->\n<title>Migration - AFRICA IT INNOVATION<\/title>\n<meta name=\"robots\" content=\"index, follow, max-snippet:-1, max-image-preview:large, max-video-preview:-1\" \/>\n<link rel=\"canonical\" href=\"https:\/\/africaitinnovation.com\/en\/our-services\/migration\/\" \/>\n<meta property=\"og:locale\" content=\"en_US\" \/>\n<meta property=\"og:type\" content=\"article\" \/>\n<meta property=\"og:title\" content=\"Migration - AFRICA IT INNOVATION\" \/>\n<meta property=\"og:url\" content=\"https:\/\/africaitinnovation.com\/en\/our-services\/migration\/\" \/>\n<meta property=\"og:site_name\" content=\"AFRICA IT INNOVATION\" \/>\n<meta property=\"article:modified_time\" content=\"2022-05-18T14:49:14+00:00\" \/>\n<meta name=\"twitter:card\" content=\"summary_large_image\" \/>\n<meta name=\"twitter:label1\" content=\"Est. reading time\" \/>\n\t<meta name=\"twitter:data1\" content=\"13 minutes\" \/>\n<script type=\"application\/ld+json\" class=\"yoast-schema-graph\">{\"@context\":\"https:\/\/schema.org\",\"@graph\":[{\"@type\":\"WebPage\",\"@id\":\"https:\/\/africaitinnovation.com\/en\/our-services\/migration\/\",\"url\":\"https:\/\/africaitinnovation.com\/en\/our-services\/migration\/\",\"name\":\"Migration - AFRICA IT INNOVATION\",\"isPartOf\":{\"@id\":\"https:\/\/africaitinnovation.com\/en\/#website\"},\"datePublished\":\"2022-02-04T14:09:54+00:00\",\"dateModified\":\"2022-05-18T14:49:14+00:00\",\"breadcrumb\":{\"@id\":\"https:\/\/africaitinnovation.com\/en\/our-services\/migration\/#breadcrumb\"},\"inLanguage\":\"en-US\",\"potentialAction\":[{\"@type\":\"ReadAction\",\"target\":[\"https:\/\/africaitinnovation.com\/en\/our-services\/migration\/\"]}]},{\"@type\":\"BreadcrumbList\",\"@id\":\"https:\/\/africaitinnovation.com\/en\/our-services\/migration\/#breadcrumb\",\"itemListElement\":[{\"@type\":\"ListItem\",\"position\":1,\"name\":\"Accueil\",\"item\":\"https:\/\/africaitinnovation.com\/en\/\"},{\"@type\":\"ListItem\",\"position\":2,\"name\":\"Our Services\",\"item\":\"https:\/\/africaitinnovation.com\/en\/our-services\/\"},{\"@type\":\"ListItem\",\"position\":3,\"name\":\"Migration\"}]},{\"@type\":\"WebSite\",\"@id\":\"https:\/\/africaitinnovation.com\/en\/#website\",\"url\":\"https:\/\/africaitinnovation.com\/en\/\",\"name\":\"AFRICA IT INNOVATION\",\"description\":\"\",\"potentialAction\":[{\"@type\":\"SearchAction\",\"target\":{\"@type\":\"EntryPoint\",\"urlTemplate\":\"https:\/\/africaitinnovation.com\/en\/?s={search_term_string}\"},\"query-input\":\"required name=search_term_string\"}],\"inLanguage\":\"en-US\"}]}<\/script>\n<!-- \/ Yoast SEO plugin. -->","yoast_head_json":{"title":"Migration - AFRICA IT INNOVATION","robots":{"index":"index","follow":"follow","max-snippet":"max-snippet:-1","max-image-preview":"max-image-preview:large","max-video-preview":"max-video-preview:-1"},"canonical":"https:\/\/africaitinnovation.com\/en\/our-services\/migration\/","og_locale":"en_US","og_type":"article","og_title":"Migration - AFRICA IT INNOVATION","og_url":"https:\/\/africaitinnovation.com\/en\/our-services\/migration\/","og_site_name":"AFRICA IT INNOVATION","article_modified_time":"2022-05-18T14:49:14+00:00","twitter_card":"summary_large_image","twitter_misc":{"Est. reading time":"13 minutes"},"schema":{"@context":"https:\/\/schema.org","@graph":[{"@type":"WebPage","@id":"https:\/\/africaitinnovation.com\/en\/our-services\/migration\/","url":"https:\/\/africaitinnovation.com\/en\/our-services\/migration\/","name":"Migration - AFRICA IT INNOVATION","isPartOf":{"@id":"https:\/\/africaitinnovation.com\/en\/#website"},"datePublished":"2022-02-04T14:09:54+00:00","dateModified":"2022-05-18T14:49:14+00:00","breadcrumb":{"@id":"https:\/\/africaitinnovation.com\/en\/our-services\/migration\/#breadcrumb"},"inLanguage":"en-US","potentialAction":[{"@type":"ReadAction","target":["https:\/\/africaitinnovation.com\/en\/our-services\/migration\/"]}]},{"@type":"BreadcrumbList","@id":"https:\/\/africaitinnovation.com\/en\/our-services\/migration\/#breadcrumb","itemListElement":[{"@type":"ListItem","position":1,"name":"Accueil","item":"https:\/\/africaitinnovation.com\/en\/"},{"@type":"ListItem","position":2,"name":"Our Services","item":"https:\/\/africaitinnovation.com\/en\/our-services\/"},{"@type":"ListItem","position":3,"name":"Migration"}]},{"@type":"WebSite","@id":"https:\/\/africaitinnovation.com\/en\/#website","url":"https:\/\/africaitinnovation.com\/en\/","name":"AFRICA IT INNOVATION","description":"","potentialAction":[{"@type":"SearchAction","target":{"@type":"EntryPoint","urlTemplate":"https:\/\/africaitinnovation.com\/en\/?s={search_term_string}"},"query-input":"required name=search_term_string"}],"inLanguage":"en-US"}]}},"_links":{"self":[{"href":"https:\/\/africaitinnovation.com\/en\/wp-json\/wp\/v2\/pages\/859","targetHints":{"allow":["GET"]}}],"collection":[{"href":"https:\/\/africaitinnovation.com\/en\/wp-json\/wp\/v2\/pages"}],"about":[{"href":"https:\/\/africaitinnovation.com\/en\/wp-json\/wp\/v2\/types\/page"}],"author":[{"embeddable":true,"href":"https:\/\/africaitinnovation.com\/en\/wp-json\/wp\/v2\/users\/1"}],"replies":[{"embeddable":true,"href":"https:\/\/africaitinnovation.com\/en\/wp-json\/wp\/v2\/comments?post=859"}],"version-history":[{"count":1,"href":"https:\/\/africaitinnovation.com\/en\/wp-json\/wp\/v2\/pages\/859\/revisions"}],"predecessor-version":[{"id":860,"href":"https:\/\/africaitinnovation.com\/en\/wp-json\/wp\/v2\/pages\/859\/revisions\/860"}],"up":[{"embeddable":true,"href":"https:\/\/africaitinnovation.com\/en\/wp-json\/wp\/v2\/pages\/821"}],"wp:attachment":[{"href":"https:\/\/africaitinnovation.com\/en\/wp-json\/wp\/v2\/media?parent=859"}],"curies":[{"name":"wp","href":"https:\/\/api.w.org\/{rel}","templated":true}]}}